{"id":2,"date":"2022-05-07T21:43:15","date_gmt":"2022-05-07T19:43:15","guid":{"rendered":"https:\/\/radreise.downtown-net.de\/?page_id=2"},"modified":"2022-05-26T09:23:44","modified_gmt":"2022-05-26T07:23:44","slug":"beispiel-seite","status":"publish","type":"page","link":"https:\/\/www.radreise.downtown-net.de\/?page_id=2","title":{"rendered":"\u00dcber mich"},"content":{"rendered":"\n<p><\/p>\n\n\n\n<p>Hier eine kleine Beschreibung zu meiner Person.<\/p>\n\n\n\n<p>Mein Name ist Jeff, bin 79er Baujahr und wohnhaft in Norddeutschland. <\/p>\n\n\n\n<p>Als Autodidakter Netzwerk- und Systemadministrator, Semi-Webdesigner und SEO-Spezi bis 2015 t\u00e4tig, bin ich mittlerweile Fr\u00fchrentner. <\/p>\n\n\n\n<p>Das Fortbewegungsmittel Fahrrad begleitet mich mein Leben lang und das Radreisen irgendwann mal f\u00fcr mich zu entdecken war nur eine Frage der Zeit.<\/p>\n\n\n\n<p>Dieser Blog ist in erster Linie ein Tagebuch f\u00fcr mich selbst, aber auch f\u00fcr Freunde und Bekannte die mich auf Reisen begleiten wollen. Auch soll dieser Blog anderen Leuten helfen die mit dem Gedanken &#8222;Radreisen\/Bikepacking&#8220; spielen und noch offene Fragen haben oder sich einfach inspirieren lassen m\u00f6chten.<\/p>\n\n\n\n<p>Zum Abschluss noch ein paar Worte: <\/p>\n\n\n\n<blockquote class=\"wp-block-quote is-layout-flow wp-block-quote-is-layout-flow\"><p>&#8222;Sie sind alle Reisende, nur jeder in seiner eigenen Welt aber alle auf dem gleichen Planeten.&#8220;<\/p><cite>Quelle: Keine&#8230; <\/cite><\/blockquote>\n\n\n\n<p>Also, m\u00f6gen sich Ihre Augen, Ohren und Sinne au\u00dferhalb Ihres eigenen Horizonts \u00f6ffnen und Ihnen Erfahrungen bescheren die Ihr eigenes Leben als auch das Ihrer Begegnungen bereichern.<\/p>\n","protected":false},"excerpt":{"rendered":"<p>Hier eine kleine Beschreibung zu meiner Person. Mein Name ist Jeff, bin 79er Baujahr und wohnhaft in Norddeutschland. Als Autodidakter Netzwerk- und Systemadministrator, Semi-Webdesigner und SEO-Spezi bis 2015 t\u00e4tig, bin ich mittlerweile Fr\u00fchrentner. Das Fortbewegungsmittel Fahrrad begleitet mich mein Leben lang und das Radreisen irgendwann mal f\u00fcr mich zu entdecken war nur eine Frage der [&hellip;]<\/p>\n","protected":false},"author":1,"featured_media":0,"parent":0,"menu_order":0,"comment_status":"closed","ping_status":"open","template":"","meta":{"footnotes":""},"class_list":["post-2","page","type-page","status-publish","hentry"],"_links":{"self":[{"href":"https:\/\/www.radreise.downtown-net.de\/index.php?rest_route=\/wp\/v2\/pages\/2"}],"collection":[{"href":"https:\/\/www.radreise.downtown-net.de\/index.php?rest_route=\/wp\/v2\/pages"}],"about":[{"href":"https:\/\/www.radreise.downtown-net.de\/index.php?rest_route=\/wp\/v2\/types\/page"}],"author":[{"embeddable":true,"href":"https:\/\/www.radreise.downtown-net.de\/index.php?rest_route=\/wp\/v2\/users\/1"}],"replies":[{"embeddable":true,"href":"https:\/\/www.radreise.downtown-net.de\/index.php?rest_route=%2Fwp%2Fv2%2Fcomments&post=2"}],"version-history":[{"count":9,"href":"https:\/\/www.radreise.downtown-net.de\/index.php?rest_route=\/wp\/v2\/pages\/2\/revisions"}],"predecessor-version":[{"id":114,"href":"https:\/\/www.radreise.downtown-net.de\/index.php?rest_route=\/wp\/v2\/pages\/2\/revisions\/114"}],"wp:attachment":[{"href":"https:\/\/www.radreise.downtown-net.de\/index.php?rest_route=%2Fwp%2Fv2%2Fmedia&parent=2"}],"curies":[{"name":"wp","href":"https:\/\/api.w.org\/{rel}","templated":true}]}}